{"id":2051,"date":"2016-02-23T14:27:37","date_gmt":"2016-02-23T14:27:37","guid":{"rendered":"http:\/\/demo.themelogi.com\/roneous\/?page_id=2051"},"modified":"2025-05-19T11:17:28","modified_gmt":"2025-05-19T11:17:28","slug":"design-studio","status":"publish","type":"page","link":"https:\/\/www.volkanzengin.net\/","title":{"rendered":"Design Studio"},"content":{"rendered":"<p>[vc_row full_width=&#8221;stretch_row&#8221;][vc_column]<section  id=\"single-69e246089407b\" class=\"header-single vertical-flex m0 image-bg  scrolled-no-hide parallax pt240 pb240 pt-xs-80 pb-xs-80\" style=\"\"><div class=\"background-content\"><img loading=\"lazy\" decoding=\"async\" width=\"1636\" height=\"684\" src=\"https:\/\/www.volkanzengin.net\/wp-content\/uploads\/2021\/10\/21729055_10155698323797760_176566422428247067_o.jpg\" class=\"background-image\" alt=\"\" srcset=\"https:\/\/www.volkanzengin.net\/wp-content\/uploads\/2021\/10\/21729055_10155698323797760_176566422428247067_o.jpg 1636w, https:\/\/www.volkanzengin.net\/wp-content\/uploads\/2021\/10\/21729055_10155698323797760_176566422428247067_o-300x125.jpg 300w, https:\/\/www.volkanzengin.net\/wp-content\/uploads\/2021\/10\/21729055_10155698323797760_176566422428247067_o-1024x428.jpg 1024w, https:\/\/www.volkanzengin.net\/wp-content\/uploads\/2021\/10\/21729055_10155698323797760_176566422428247067_o-768x321.jpg 768w, https:\/\/www.volkanzengin.net\/wp-content\/uploads\/2021\/10\/21729055_10155698323797760_176566422428247067_o-1536x642.jpg 1536w\" sizes=\"(max-width: 1636px) 100vw, 1636px\" \/><div style=\"background-color:rgba(88,171,244,0.01); opacity:0.85;opacity:0.9!important;\" class=\"background-overlay\"><\/div><\/div><div  class=\"container vertical-flex-column item-content \"><div class=\"row\"><div class=\"standard-slide col-md-10 col-md-offset-1 col-sm-12 text-center\"><h1 class=\"heading-title-bold\">VZ Film Prod\u00fcksiyon<\/h1><div class=\"heading-content\"><\/div>\n                <\/div><\/div><\/div><script type=\"text\/javascript\">jQuery(document).ready(function(){jQuery('head').append('<style type=\"text\/css\" id=\"tlg-custom-css-single-69e246089407b\">#single-69e246089407b h1{text-shadow:none;font-size:50px;line-height:60px;text-transform: uppercase!important;}#single-69e246089407b .lead{text-shadow:none;text-transform: none!important;}#single-69e246089407b .heading-content p{text-shadow:none;text-transform: none!important;}<\/style>');});<\/script><\/section>[\/vc_column][\/vc_row][vc_row full_width=&#8221;stretch_row&#8221;][vc_column][vc_column_text]<\/p>\n<h6 style=\"text-align: center;\">V\u0130DEO PROD\u00dcKS\u0130YON &#8211; FOTO\u011eRAF &#8211; 3D\/FX<\/h6>\n<p>[\/vc_column_text]<script type=\"text\/javascript\">jQuery(document).ready(function(){jQuery('head').append('<style type=\"text\/css\" id=\"tlg-custom-css-project-69e2460899462\">#project-69e2460899462 .box-zoom .box-mask{background-color:rgba(89,215,247,0.95)!important;}<\/style>');});<\/script><section class=\"projects p0\"><div class=\"row masonry-loader\">\n    <div class=\"col-sm-12 text-center\">\n        <div class=\"spinner\"><\/div>\n    <\/div>\n<\/div><div id=\"project-69e2460899462\" data-id=\"project-69e2460899462\" class=\"row project-content project-full\"><div class=\"col-md-3 col-sm-6 project box-zoom\" data-groups='[\"4b5afd328fc81b6b033c105ed84e948c\",\"351ae5a8a238ac013312a35f8f367ab5\"]'>\r\n    <div class=\"box-inner\">\r\n        <div class=\"box-inner__i\">\r\n            <div class=\"box-pic\">\r\n                <img loading=\"lazy\" decoding=\"async\" width=\"650\" height=\"600\" src=\"https:\/\/www.volkanzengin.net\/wp-content\/uploads\/2025\/04\/tepegoz-afis-650x600.jpg\" class=\"background-image wp-post-image\" alt=\"volkan zengin\" \/>                <div class=\"box-mask\">\r\n                    <a class=\"\" href=\"https:\/\/www.volkanzengin.net\/?portfolio=tepegoz-ve-demirtirnak\">                    <div class=\"mask-content text-center\">\r\n                        <h2 class=\"mask-content__title\">Tepeg\u00f6z ve Demirt\u0131rnak<\/h2>\r\n                        <div class=\"mask-content__meta\">3D-VFX \/ Video Prod\u00fcksiyon<\/div>\r\n                    <\/div>\r\n                    <\/a>                <\/div>\r\n            <\/div>\r\n        <\/div>\r\n    <\/div>\r\n<\/div><div class=\"col-md-3 col-sm-6 project box-zoom\" data-groups='[\"26a16e3189779fc1634e992d9b24d676\",\"351ae5a8a238ac013312a35f8f367ab5\"]'>\r\n    <div class=\"box-inner\">\r\n        <div class=\"box-inner__i\">\r\n            <div class=\"box-pic\">\r\n                <img loading=\"lazy\" decoding=\"async\" width=\"650\" height=\"600\" src=\"https:\/\/www.volkanzengin.net\/wp-content\/uploads\/2024\/03\/gala4-650x600.jpg\" class=\"background-image wp-post-image\" alt=\"\" \/>                <div class=\"box-mask\">\r\n                    <a class=\"\" href=\"https:\/\/www.volkanzengin.net\/?portfolio=gala-sahmeran-efsanesi-tulhan-filmi\">                    <div class=\"mask-content text-center\">\r\n                        <h2 class=\"mask-content__title\">GALA &#8211; \u015eAHMERAN EFSANES\u0130 | TULHAN filmi<\/h2>\r\n                        <div class=\"mask-content__meta\">Foto\u011fraf \u00c7ekimleri \/ Video Prod\u00fcksiyon<\/div>\r\n                    <\/div>\r\n                    <\/a>                <\/div>\r\n            <\/div>\r\n        <\/div>\r\n    <\/div>\r\n<\/div><div class=\"col-md-3 col-sm-6 project box-zoom\" data-groups='[\"4b5afd328fc81b6b033c105ed84e948c\",\"351ae5a8a238ac013312a35f8f367ab5\"]'>\r\n    <div class=\"box-inner\">\r\n        <div class=\"box-inner__i\">\r\n            <div class=\"box-pic\">\r\n                <img loading=\"lazy\" decoding=\"async\" width=\"650\" height=\"600\" src=\"https:\/\/www.volkanzengin.net\/wp-content\/uploads\/2021\/10\/sahmeran-karakteri-lowq-650x600.jpg\" class=\"background-image wp-post-image\" alt=\"\" \/>                <div class=\"box-mask\">\r\n                    <a class=\"\" href=\"https:\/\/www.volkanzengin.net\/?portfolio=sahmeran-tulhan\">                    <div class=\"mask-content text-center\">\r\n                        <h2 class=\"mask-content__title\">\u015eAHMERAN EFSANES\u0130 | TULHAN<\/h2>\r\n                        <div class=\"mask-content__meta\">3D-VFX \/ Video Prod\u00fcksiyon<\/div>\r\n                    <\/div>\r\n                    <\/a>                <\/div>\r\n            <\/div>\r\n        <\/div>\r\n    <\/div>\r\n<\/div><div class=\"col-md-3 col-sm-6 project box-zoom\" data-groups='[\"4b5afd328fc81b6b033c105ed84e948c\",\"351ae5a8a238ac013312a35f8f367ab5\"]'>\r\n    <div class=\"box-inner\">\r\n        <div class=\"box-inner__i\">\r\n            <div class=\"box-pic\">\r\n                <img loading=\"lazy\" decoding=\"async\" width=\"650\" height=\"600\" src=\"https:\/\/www.volkanzengin.net\/wp-content\/uploads\/2023\/06\/tuba-ozerk-volkan-zengin-650x600.png\" class=\"background-image wp-post-image\" alt=\"\" \/>                <div class=\"box-mask\">\r\n                    <a class=\"\" href=\"https:\/\/www.volkanzengin.net\/?portfolio=tuba-ozerk-video-klip\">                    <div class=\"mask-content text-center\">\r\n                        <h2 class=\"mask-content__title\">TUBA \u00d6ZERK video klip<\/h2>\r\n                        <div class=\"mask-content__meta\">3D-VFX \/ Video Prod\u00fcksiyon<\/div>\r\n                    <\/div>\r\n                    <\/a>                <\/div>\r\n            <\/div>\r\n        <\/div>\r\n    <\/div>\r\n<\/div><div class=\"col-md-3 col-sm-6 project box-zoom\" data-groups='[\"26a16e3189779fc1634e992d9b24d676\"]'>\r\n    <div class=\"box-inner\">\r\n        <div class=\"box-inner__i\">\r\n            <div class=\"box-pic\">\r\n                <img loading=\"lazy\" decoding=\"async\" width=\"633\" height=\"600\" src=\"https:\/\/www.volkanzengin.net\/wp-content\/uploads\/2025\/05\/volkan-zengin-ph8-633x600.jpg\" class=\"background-image wp-post-image\" alt=\"\" \/>                <div class=\"box-mask\">\r\n                    <a class=\"\" href=\"https:\/\/www.volkanzengin.net\/?portfolio=portre-cekimlerim\">                    <div class=\"mask-content text-center\">\r\n                        <h2 class=\"mask-content__title\">Portre \u00c7ekimlerim<\/h2>\r\n                        <div class=\"mask-content__meta\">Foto\u011fraf \u00c7ekimleri<\/div>\r\n                    <\/div>\r\n                    <\/a>                <\/div>\r\n            <\/div>\r\n        <\/div>\r\n    <\/div>\r\n<\/div><div class=\"col-md-3 col-sm-6 project box-zoom\" data-groups='[\"26a16e3189779fc1634e992d9b24d676\"]'>\r\n    <div class=\"box-inner\">\r\n        <div class=\"box-inner__i\">\r\n            <div class=\"box-pic\">\r\n                <img loading=\"lazy\" decoding=\"async\" width=\"650\" height=\"600\" src=\"https:\/\/www.volkanzengin.net\/wp-content\/uploads\/2016\/03\/MG_9845-650x600.jpg\" class=\"background-image wp-post-image\" alt=\"\" \/>                <div class=\"box-mask\">\r\n                    <a class=\"\" href=\"https:\/\/www.volkanzengin.net\/?portfolio=project-masonry-image\">                    <div class=\"mask-content text-center\">\r\n                        <h2 class=\"mask-content__title\">Rush &#038; Crush<\/h2>\r\n                        <div class=\"mask-content__meta\">Foto\u011fraf \u00c7ekimleri<\/div>\r\n                    <\/div>\r\n                    <\/a>                <\/div>\r\n            <\/div>\r\n        <\/div>\r\n    <\/div>\r\n<\/div><div class=\"col-md-3 col-sm-6 project box-zoom\" data-groups='[\"26a16e3189779fc1634e992d9b24d676\"]'>\r\n    <div class=\"box-inner\">\r\n        <div class=\"box-inner__i\">\r\n            <div class=\"box-pic\">\r\n                <img loading=\"lazy\" decoding=\"async\" width=\"650\" height=\"600\" src=\"https:\/\/www.volkanzengin.net\/wp-content\/uploads\/2021\/10\/sevil-uyar-volkan-zengin7-650x600.jpg\" class=\"background-image wp-post-image\" alt=\"\" \/>                <div class=\"box-mask\">\r\n                    <a class=\"\" href=\"https:\/\/www.volkanzengin.net\/?portfolio=sevil-uyar\">                    <div class=\"mask-content text-center\">\r\n                        <h2 class=\"mask-content__title\">Sevil Uyar<\/h2>\r\n                        <div class=\"mask-content__meta\">Foto\u011fraf \u00c7ekimleri<\/div>\r\n                    <\/div>\r\n                    <\/a>                <\/div>\r\n            <\/div>\r\n        <\/div>\r\n    <\/div>\r\n<\/div><div class=\"col-md-3 col-sm-6 project box-zoom\" data-groups='[\"\"]'>\r\n    <div class=\"box-inner\">\r\n        <div class=\"box-inner__i\">\r\n            <div class=\"box-pic\">\r\n                <img loading=\"lazy\" decoding=\"async\" width=\"650\" height=\"600\" src=\"https:\/\/www.volkanzengin.net\/wp-content\/uploads\/2025\/05\/allurex-10sn-reklam2-kopya-e1747656909925-650x600.jpg\" class=\"background-image wp-post-image\" alt=\"\" \/>                <div class=\"box-mask\">\r\n                    <a class=\"\" href=\"https:\/\/www.volkanzengin.net\/?portfolio=the-allurex-kozmetik\">                    <div class=\"mask-content text-center\">\r\n                        <h2 class=\"mask-content__title\">THE ALLUREX KOZMET\u0130K<\/h2>\r\n                        <div class=\"mask-content__meta\"><\/div>\r\n                    <\/div>\r\n                    <\/a>                <\/div>\r\n            <\/div>\r\n        <\/div>\r\n    <\/div>\r\n<\/div><div class=\"col-md-3 col-sm-6 project box-zoom\" data-groups='[\"4b5afd328fc81b6b033c105ed84e948c\"]'>\r\n    <div class=\"box-inner\">\r\n        <div class=\"box-inner__i\">\r\n            <div class=\"box-pic\">\r\n                <img loading=\"lazy\" decoding=\"async\" width=\"650\" height=\"600\" src=\"https:\/\/www.volkanzengin.net\/wp-content\/uploads\/2022\/02\/ters-dunya-nft2c-650x600.jpg\" class=\"background-image wp-post-image\" alt=\"\" \/>                <div class=\"box-mask\">\r\n                    <a class=\"\" href=\"https:\/\/www.volkanzengin.net\/?portfolio=revers-world-human\">                    <div class=\"mask-content text-center\">\r\n                        <h2 class=\"mask-content__title\">Revers World Human<\/h2>\r\n                        <div class=\"mask-content__meta\">3D-VFX<\/div>\r\n                    <\/div>\r\n                    <\/a>                <\/div>\r\n            <\/div>\r\n        <\/div>\r\n    <\/div>\r\n<\/div><div class=\"col-md-3 col-sm-6 project box-zoom\" data-groups='[\"26a16e3189779fc1634e992d9b24d676\"]'>\r\n    <div class=\"box-inner\">\r\n        <div class=\"box-inner__i\">\r\n            <div class=\"box-pic\">\r\n                <img loading=\"lazy\" decoding=\"async\" width=\"650\" height=\"600\" src=\"https:\/\/www.volkanzengin.net\/wp-content\/uploads\/2021\/10\/st16k-650x600.jpg\" class=\"background-image wp-post-image\" alt=\"\" \/>                <div class=\"box-mask\">\r\n                    <a class=\"\" href=\"https:\/\/www.volkanzengin.net\/?portfolio=sentetik-sezar-vintage-shop\">                    <div class=\"mask-content text-center\">\r\n                        <h2 class=\"mask-content__title\">Sentetik Sezar Vintage Shop<\/h2>\r\n                        <div class=\"mask-content__meta\">Foto\u011fraf \u00c7ekimleri<\/div>\r\n                    <\/div>\r\n                    <\/a>                <\/div>\r\n            <\/div>\r\n        <\/div>\r\n    <\/div>\r\n<\/div><div class=\"col-md-3 col-sm-6 project box-zoom\" data-groups='[\"26a16e3189779fc1634e992d9b24d676\"]'>\r\n    <div class=\"box-inner\">\r\n        <div class=\"box-inner__i\">\r\n            <div class=\"box-pic\">\r\n                <img loading=\"lazy\" decoding=\"async\" width=\"600\" height=\"600\" src=\"https:\/\/www.volkanzengin.net\/wp-content\/uploads\/2021\/10\/jehan-barbur-volkan-zengin-1.jpg\" class=\"background-image wp-post-image\" alt=\"\" srcset=\"https:\/\/www.volkanzengin.net\/wp-content\/uploads\/2021\/10\/jehan-barbur-volkan-zengin-1.jpg 600w, https:\/\/www.volkanzengin.net\/wp-content\/uploads\/2021\/10\/jehan-barbur-volkan-zengin-1-300x300.jpg 300w, https:\/\/www.volkanzengin.net\/wp-content\/uploads\/2021\/10\/jehan-barbur-volkan-zengin-1-150x150.jpg 150w, https:\/\/www.volkanzengin.net\/wp-content\/uploads\/2021\/10\/jehan-barbur-volkan-zengin-1-60x60.jpg 60w\" sizes=\"(max-width: 600px) 100vw, 600px\" \/>                <div class=\"box-mask\">\r\n                    <a class=\"\" href=\"https:\/\/www.volkanzengin.net\/?portfolio=jehan-barbur\">                    <div class=\"mask-content text-center\">\r\n                        <h2 class=\"mask-content__title\">JEHAN BARBUR<\/h2>\r\n                        <div class=\"mask-content__meta\">Foto\u011fraf \u00c7ekimleri<\/div>\r\n                    <\/div>\r\n                    <\/a>                <\/div>\r\n            <\/div>\r\n        <\/div>\r\n    <\/div>\r\n<\/div><div class=\"col-md-3 col-sm-6 project box-zoom\" data-groups='[\"26a16e3189779fc1634e992d9b24d676\",\"351ae5a8a238ac013312a35f8f367ab5\"]'>\r\n    <div class=\"box-inner\">\r\n        <div class=\"box-inner__i\">\r\n            <div class=\"box-pic\">\r\n                <img loading=\"lazy\" decoding=\"async\" width=\"650\" height=\"600\" src=\"https:\/\/www.volkanzengin.net\/wp-content\/uploads\/2021\/10\/MG_8878c-650x600.jpg\" class=\"background-image wp-post-image\" alt=\"\" \/>                <div class=\"box-mask\">\r\n                    <a class=\"\" href=\"https:\/\/www.volkanzengin.net\/?portfolio=video-klip-cekimi\">                    <div class=\"mask-content text-center\">\r\n                        <h2 class=\"mask-content__title\">V\u0130DEO KL\u0130P \u00c7EK\u0130M\u0130<\/h2>\r\n                        <div class=\"mask-content__meta\">Foto\u011fraf \u00c7ekimleri \/ Video Prod\u00fcksiyon<\/div>\r\n                    <\/div>\r\n                    <\/a>                <\/div>\r\n            <\/div>\r\n        <\/div>\r\n    <\/div>\r\n<\/div><div class=\"col-md-3 col-sm-6 project box-zoom\" data-groups='[\"26a16e3189779fc1634e992d9b24d676\"]'>\r\n    <div class=\"box-inner\">\r\n        <div class=\"box-inner__i\">\r\n            <div class=\"box-pic\">\r\n                <img loading=\"lazy\" decoding=\"async\" width=\"650\" height=\"600\" src=\"https:\/\/www.volkanzengin.net\/wp-content\/uploads\/2021\/10\/volkan-zengin-efe-tekstil-1-650x600.jpg\" class=\"background-image wp-post-image\" alt=\"\" \/>                <div class=\"box-mask\">\r\n                    <a class=\"\" href=\"https:\/\/www.volkanzengin.net\/?portfolio=efe-tekstil\">                    <div class=\"mask-content text-center\">\r\n                        <h2 class=\"mask-content__title\">EFE TEKST\u0130L<\/h2>\r\n                        <div class=\"mask-content__meta\">Foto\u011fraf \u00c7ekimleri<\/div>\r\n                    <\/div>\r\n                    <\/a>                <\/div>\r\n            <\/div>\r\n        <\/div>\r\n    <\/div>\r\n<\/div><div class=\"col-md-3 col-sm-6 project box-zoom\" data-groups='[\"351ae5a8a238ac013312a35f8f367ab5\"]'>\r\n    <div class=\"box-inner\">\r\n        <div class=\"box-inner__i\">\r\n            <div class=\"box-pic\">\r\n                <img loading=\"lazy\" decoding=\"async\" width=\"650\" height=\"600\" src=\"https:\/\/www.volkanzengin.net\/wp-content\/uploads\/2021\/10\/youtube-kapak-650x600.jpg\" class=\"background-image wp-post-image\" alt=\"\" \/>                <div class=\"box-mask\">\r\n                    <a class=\"\" href=\"https:\/\/www.volkanzengin.net\/?portfolio=acibadem-hastaneleri\">                    <div class=\"mask-content text-center\">\r\n                        <h2 class=\"mask-content__title\">Ac\u0131badem Hastaneleri<\/h2>\r\n                        <div class=\"mask-content__meta\">Video Prod\u00fcksiyon<\/div>\r\n                    <\/div>\r\n                    <\/a>                <\/div>\r\n            <\/div>\r\n        <\/div>\r\n    <\/div>\r\n<\/div><div class=\"col-md-3 col-sm-6 project box-zoom\" data-groups='[\"4b5afd328fc81b6b033c105ed84e948c\"]'>\r\n    <div class=\"box-inner\">\r\n        <div class=\"box-inner__i\">\r\n            <div class=\"box-pic\">\r\n                <img loading=\"lazy\" decoding=\"async\" width=\"650\" height=\"600\" src=\"https:\/\/www.volkanzengin.net\/wp-content\/uploads\/2021\/10\/liva-gaz-650x600.jpg\" class=\"background-image wp-post-image\" alt=\"\" \/>                <div class=\"box-mask\">\r\n                    <a class=\"\" href=\"https:\/\/www.volkanzengin.net\/?portfolio=liva-gaz\">                    <div class=\"mask-content text-center\">\r\n                        <h2 class=\"mask-content__title\">L\u0130VA GAZ<\/h2>\r\n                        <div class=\"mask-content__meta\">3D-VFX<\/div>\r\n                    <\/div>\r\n                    <\/a>                <\/div>\r\n            <\/div>\r\n        <\/div>\r\n    <\/div>\r\n<\/div><div class=\"col-md-3 col-sm-6 project box-zoom\" data-groups='[\"4b5afd328fc81b6b033c105ed84e948c\",\"351ae5a8a238ac013312a35f8f367ab5\"]'>\r\n    <div class=\"box-inner\">\r\n        <div class=\"box-inner__i\">\r\n            <div class=\"box-pic\">\r\n                <img loading=\"lazy\" decoding=\"async\" width=\"650\" height=\"600\" src=\"https:\/\/www.volkanzengin.net\/wp-content\/uploads\/2021\/10\/volkan-zengin-falling-darkness-kapak-650x600.jpg\" class=\"background-image wp-post-image\" alt=\"\" \/>                <div class=\"box-mask\">\r\n                    <a class=\"\" href=\"https:\/\/www.volkanzengin.net\/?portfolio=falling-to-darkness\">                    <div class=\"mask-content text-center\">\r\n                        <h2 class=\"mask-content__title\">Falling to Darkness<\/h2>\r\n                        <div class=\"mask-content__meta\">3D-VFX \/ Video Prod\u00fcksiyon<\/div>\r\n                    <\/div>\r\n                    <\/a>                <\/div>\r\n            <\/div>\r\n        <\/div>\r\n    <\/div>\r\n<\/div><\/div><\/section>[\/vc_column][\/vc_row][vc_row tlg_background_style=&#8221;bg-primary&#8221; tlg_padding=&#8221;pt64 pb64&#8243; tlg_enable_overlay=&#8221;yes&#8221; css=&#8221;.vc_custom_1635347836160{background-color: #599bf7 !important;}&#8221;][vc_column]<div class=\"display-table\"><div class=\"display-cell display-none-sm\"><i  class=\"fade-color ms-text mr-24 ti-heart icon\"><\/i><\/div>\n\t\t\t\t\t<div class=\"display-cell text-center-sm\">\n\t\t\t\t\t\t<div  class=\"maintitle uppercase spacing-text\">B\u0130Z\u0130MLE \u0130LET\u0130\u015e\u0130ME GE\u00c7\u0130N<\/div>\n\t\t\t\t\t\t<div  class=\"subtitle\">volkanzengin@hotmail.com.tr<\/div>\n\t\t\t\t\t<\/div>\n\t\t\t\t\t<div class=\"display-cell text-center-sm text-right\"><a  id=\"btn-69e24608a29ab\" class=\"btn btn-filled btn-light  btn-lg btn-sm-sm text-center mr-0 mb0 mt-xs-24\" href= \"https:\/\/www.volkanzengin.net\/?page_id=1967\" target=\"_self\" >Contact Us<\/a><\/div>\n\t\t\t\t<\/div>[\/vc_column][\/vc_row]<\/p>\n","protected":false},"excerpt":{"rendered":"<p>[vc_row full_width=&#8221;stretch_row&#8221;][vc_column][\/vc_column][\/vc_row][vc_row full_width=&#8221;stretch_row&#8221;][vc_column][vc_column_text] V\u0130DEO PROD\u00dcKS\u0130YON &#8211; FOTO\u011eRAF &#8211; 3D\/FX [\/vc_column_text][\/vc_column][\/vc_row][vc_row tlg_background_style=&#8221;bg-primary&#8221; tlg_padding=&#8221;pt64 pb64&#8243; tlg_enable_overlay=&#8221;yes&#8221; css=&#8221;.vc_custom_1635347836160{background-color: #599bf7&#8230;<\/p>\n","protected":false},"author":1,"featured_media":0,"parent":2013,"menu_order":0,"comment_status":"closed","ping_status":"closed","template":"","meta":{"footnotes":""},"_links":{"self":[{"href":"https:\/\/www.volkanzengin.net\/index.php?rest_route=\/wp\/v2\/pages\/2051"}],"collection":[{"href":"https:\/\/www.volkanzengin.net\/index.php?rest_route=\/wp\/v2\/pages"}],"about":[{"href":"https:\/\/www.volkanzengin.net\/index.php?rest_route=\/wp\/v2\/types\/page"}],"author":[{"embeddable":true,"href":"https:\/\/www.volkanzengin.net\/index.php?rest_route=\/wp\/v2\/users\/1"}],"replies":[{"embeddable":true,"href":"https:\/\/www.volkanzengin.net\/index.php?rest_route=%2Fwp%2Fv2%2Fcomments&post=2051"}],"version-history":[{"count":33,"href":"https:\/\/www.volkanzengin.net\/index.php?rest_route=\/wp\/v2\/pages\/2051\/revisions"}],"predecessor-version":[{"id":4122,"href":"https:\/\/www.volkanzengin.net\/index.php?rest_route=\/wp\/v2\/pages\/2051\/revisions\/4122"}],"up":[{"embeddable":true,"href":"https:\/\/www.volkanzengin.net\/index.php?rest_route=\/wp\/v2\/pages\/2013"}],"wp:attachment":[{"href":"https:\/\/www.volkanzengin.net\/index.php?rest_route=%2Fwp%2Fv2%2Fmedia&parent=2051"}],"curies":[{"name":"wp","href":"https:\/\/api.w.org\/{rel}","templated":true}]}}